{"id":109,"date":"2025-07-02T10:33:26","date_gmt":"2025-07-02T08:33:26","guid":{"rendered":"https:\/\/energiafrance.fr\/?page_id=109"},"modified":"2025-07-23T12:46:29","modified_gmt":"2025-07-23T10:46:29","slug":"lenterprise","status":"publish","type":"page","link":"https:\/\/energiafrance.fr\/index.php\/lenterprise\/","title":{"rendered":"L&#8217;enterprise"},"content":{"rendered":"\t\t<div data-elementor-type=\"wp-page\" data-elementor-id=\"109\" class=\"elementor elementor-109\">\n\t\t\t\t<div class=\"elementor-element elementor-element-319f150 e-flex e-con-boxed e-con e-parent\" data-id=\"319f150\" data-element_type=\"container\" data-settings=\"{&quot;background_background&quot;:&quot;gradient&quot;}\">\n\t\t\t\t\t<div class=\"e-con-inner\">\n\t\t\t\t<div class=\"elementor-element elementor-element-32b8c61 elementor-widget elementor-widget-heading\" data-id=\"32b8c61\" data-element_type=\"widget\" data-widget_type=\"heading.default\">\n\t\t\t\t<div class=\"elementor-widget-container\">\n\t\t\t\t\t<h2 class=\"elementor-heading-title elementor-size-default\">L'entreprise<\/h2>\t\t\t\t<\/div>\n\t\t\t\t<\/div>\n\t\t\t\t<div class=\"elementor-element elementor-element-ff24ae6 elementor-widget-divider--view-line elementor-widget elementor-widget-divider\" data-id=\"ff24ae6\" data-element_type=\"widget\" data-widget_type=\"divider.default\">\n\t\t\t\t<div class=\"elementor-widget-container\">\n\t\t\t\t\t\t\t<div class=\"elementor-divider\">\n\t\t\t<span class=\"elementor-divider-separator\">\n\t\t\t\t\t\t<\/span>\n\t\t<\/div>\n\t\t\t\t\t\t<\/div>\n\t\t\t\t<\/div>\n\t\t\t\t<div class=\"elementor-element elementor-element-3f9cf66 elementor-widget elementor-widget-text-editor\" data-id=\"3f9cf66\" data-element_type=\"widget\" data-widget_type=\"text-editor.default\">\n\t\t\t\t<div class=\"elementor-widget-container\">\n\t\t\t\t\t\t\t\t\t<p>Energia France SAS est n\u00e9e pour accompagner le march\u00e9 fran\u00e7ais dans son processus de transition \u00e9nerg\u00e9tique.<br \/>L\u2019entreprise a ses racines en Italie, o\u00f9, il y a 70 ans, une famille a commenc\u00e9 \u00e0 poser les bases d\u2019une soci\u00e9t\u00e9 qui a toujours soutenu les personnes dans la recherche de solutions d\u2019efficacit\u00e9 \u00e9nerg\u00e9tique.<br \/>Aujourd\u2019hui, nous sommes pr\u00eats \u00e0 apporter le savoir-faire acquis au fil des ann\u00e9es \u00e9galement sur le territoire fran\u00e7ais, avec le professionnalisme, la comp\u00e9tence et l\u2019attention au client qui nous distinguent.<\/p>\t\t\t\t\t\t\t\t<\/div>\n\t\t\t\t<\/div>\n\t\t\t\t\t<\/div>\n\t\t\t\t<\/div>\n\t\t<div class=\"elementor-element elementor-element-1ed081d e-flex e-con-boxed e-con e-parent\" data-id=\"1ed081d\" data-element_type=\"container\">\n\t\t\t\t\t<div class=\"e-con-inner\">\n\t\t<div class=\"elementor-element elementor-element-bdaf0f0 e-con-full e-flex e-con e-child\" data-id=\"bdaf0f0\" data-element_type=\"container\">\n\t\t\t\t<div class=\"elementor-element elementor-element-a7de902 elementor-widget elementor-widget-image\" data-id=\"a7de902\" data-element_type=\"widget\" data-widget_type=\"image.default\">\n\t\t\t\t<div class=\"elementor-widget-container\">\n\t\t\t\t\t\t\t\t\t\t\t\t\t\t\t<img fetchpriority=\"high\" decoding=\"async\" width=\"1024\" height=\"625\" src=\"https:\/\/energiafrance.fr\/wp-content\/uploads\/2025\/07\/Energia-Italia-Team-1-min-1024x625.webp\" class=\"attachment-large size-large wp-image-142\" alt=\"\" srcset=\"https:\/\/energiafrance.fr\/wp-content\/uploads\/2025\/07\/Energia-Italia-Team-1-min-1024x625.webp 1024w, https:\/\/energiafrance.fr\/wp-content\/uploads\/2025\/07\/Energia-Italia-Team-1-min-300x183.webp 300w, https:\/\/energiafrance.fr\/wp-content\/uploads\/2025\/07\/Energia-Italia-Team-1-min-768x469.webp 768w, https:\/\/energiafrance.fr\/wp-content\/uploads\/2025\/07\/Energia-Italia-Team-1-min.webp 1080w\" sizes=\"(max-width: 1024px) 100vw, 1024px\" \/>\t\t\t\t\t\t\t\t\t\t\t\t\t\t\t<\/div>\n\t\t\t\t<\/div>\n\t\t\t\t<\/div>\n\t\t<div class=\"elementor-element elementor-element-cea9fcd e-con-full e-flex e-con e-child\" data-id=\"cea9fcd\" data-element_type=\"container\">\n\t\t\t\t<div class=\"elementor-element elementor-element-231e665 elementor-widget elementor-widget-heading\" data-id=\"231e665\" data-element_type=\"widget\" data-widget_type=\"heading.default\">\n\t\t\t\t<div class=\"elementor-widget-container\">\n\t\t\t\t\t<h2 class=\"elementor-heading-title elementor-size-default\">Professionnalisme et comp\u00e9tence.<\/h2>\t\t\t\t<\/div>\n\t\t\t\t<\/div>\n\t\t\t\t<div class=\"elementor-element elementor-element-02aa207 elementor-widget elementor-widget-text-editor\" data-id=\"02aa207\" data-element_type=\"widget\" data-widget_type=\"text-editor.default\">\n\t\t\t\t<div class=\"elementor-widget-container\">\n\t\t\t\t\t\t\t\t\t<p>Energia France op\u00e8re sur plusieurs fronts. Pour les particuliers, elle propose des solutions de syst\u00e8mes photovolta\u00efques cl\u00e9s en main, de la conception \u00e0 l&#8217;installation, ainsi que des syst\u00e8mes de climatisation, d\u2019efficacit\u00e9 \u00e9nerg\u00e9tique et de chauffage, avec des produits test\u00e9s et certifi\u00e9s.<br \/>En plus des particuliers, \u00c9nergie Italie est un partenaire fiable pour les entreprises de toutes tailles, en offrant une gamme compl\u00e8te de syst\u00e8mes photovolta\u00efques con\u00e7us pour r\u00e9duire les co\u00fbts \u00e9nerg\u00e9tiques et optimiser la consommation.<\/p>\t\t\t\t\t\t\t\t<\/div>\n\t\t\t\t<\/div>\n\t\t\t\t<div class=\"elementor-element elementor-element-642b01c elementor-widget elementor-widget-button\" data-id=\"642b01c\" data-element_type=\"widget\" data-widget_type=\"button.default\">\n\t\t\t\t<div class=\"elementor-widget-container\">\n\t\t\t\t\t\t\t\t\t<div class=\"elementor-button-wrapper\">\n\t\t\t\t\t<a class=\"elementor-button elementor-button-link elementor-size-sm\" href=\"https:\/\/energiafrance.fr\/index.php\/comment-nous-travaillons\/\">\n\t\t\t\t\t\t<span class=\"elementor-button-content-wrapper\">\n\t\t\t\t\t\t\t\t\t<span class=\"elementor-button-text\">D\u00e9couvrez notre mani\u00e8re de travailler<\/span>\n\t\t\t\t\t<\/span>\n\t\t\t\t\t<\/a>\n\t\t\t\t<\/div>\n\t\t\t\t\t\t\t\t<\/div>\n\t\t\t\t<\/div>\n\t\t\t\t<\/div>\n\t\t\t\t\t<\/div>\n\t\t\t\t<\/div>\n\t\t<div class=\"elementor-element elementor-element-f8d5d53 e-flex e-con-boxed e-con e-parent\" data-id=\"f8d5d53\" data-element_type=\"container\" data-settings=\"{&quot;background_background&quot;:&quot;gradient&quot;}\">\n\t\t\t\t\t<div class=\"e-con-inner\">\n\t\t\t\t<div class=\"elementor-element elementor-element-412ab6c elementor-widget elementor-widget-heading\" data-id=\"412ab6c\" data-element_type=\"widget\" data-widget_type=\"heading.default\">\n\t\t\t\t<div class=\"elementor-widget-container\">\n\t\t\t\t\t<h2 class=\"elementor-heading-title elementor-size-default\">Une histoire de famille.<\/h2>\t\t\t\t<\/div>\n\t\t\t\t<\/div>\n\t\t\t\t<div class=\"elementor-element elementor-element-f61eec8 elementor-widget elementor-widget-text-editor\" data-id=\"f61eec8\" data-element_type=\"widget\" data-widget_type=\"text-editor.default\">\n\t\t\t\t<div class=\"elementor-widget-container\">\n\t\t\t\t\t\t\t\t\t<p data-start=\"0\" data-end=\"556\">L\u2019histoire d\u2019\u00c9nergie France commence avec une famille sicilienne qui, depuis plus de soixante-dix ans, accompagne citoyens et entreprises dans la transition vers l\u2019\u00e9nergie de demain.<\/p><p data-start=\"0\" data-end=\"556\">Tout d\u00e9bute apr\u00e8s la guerre avec Giuseppe Giglia, pionnier de l\u2019\u00e9lectrification en Sicile, suivi par son fils Gaetano Giglia, qui a contribu\u00e9 au d\u00e9veloppement industriel du territoire.<\/p><p data-start=\"0\" data-end=\"556\">Dans les ann\u00e9es 1980, la famille consolide son r\u00f4le en fournissant des services de climatisation aux banques et aux centres de traitement des donn\u00e9es, en apportant innovation et qualit\u00e9.<\/p><p data-start=\"558\" data-end=\"963\">Avec l\u2019essor des \u00e9nergies renouvelables, \u00c9nergie Italia voit le jour en 2008 sous la direction de Sandro Giglia : une entreprise qui r\u00e9volutionne le secteur gr\u00e2ce \u00e0 une approche int\u00e9gr\u00e9e et avant-gardiste.<\/p><p data-start=\"558\" data-end=\"963\">Gr\u00e2ce \u00e0 des partenariats strat\u00e9giques avec Eni, Viessmann et SMA, et \u00e0 son si\u00e8ge \u00e0 \u00e9missions z\u00e9ro, \u00c9nergie Italia s\u2019impose comme un symbole de durabilit\u00e9 et de comp\u00e9tence sur le territoire italien.<\/p><p data-start=\"965\" data-end=\"1146\" data-is-last-node=\"\" data-is-only-node=\"\">Aujourd\u2019hui, l\u2019entreprise s\u2019\u00e9tend sur le territoire fran\u00e7ais, guid\u00e9e par Giuseppe Giglia, pr\u00eate \u00e0 accompagner les familles et les entreprises fran\u00e7aises vers une croissance durable.<\/p>\t\t\t\t\t\t\t\t<\/div>\n\t\t\t\t<\/div>\n\t\t\t\t<div class=\"elementor-element elementor-element-698d127 elementor-arrows-position-outside elementor-widget elementor-widget-image-carousel\" data-id=\"698d127\" data-element_type=\"widget\" data-settings=\"{&quot;slides_to_show&quot;:&quot;1&quot;,&quot;navigation&quot;:&quot;arrows&quot;,&quot;autoplay&quot;:&quot;yes&quot;,&quot;pause_on_hover&quot;:&quot;yes&quot;,&quot;pause_on_interaction&quot;:&quot;yes&quot;,&quot;autoplay_speed&quot;:5000,&quot;infinite&quot;:&quot;yes&quot;,&quot;effect&quot;:&quot;slide&quot;,&quot;speed&quot;:500}\" data-widget_type=\"image-carousel.default\">\n\t\t\t\t<div class=\"elementor-widget-container\">\n\t\t\t\t\t\t\t<div class=\"elementor-image-carousel-wrapper swiper\" role=\"region\" aria-roledescription=\"carousel\" aria-label=\"Carosello d&#039;immagini\" dir=\"ltr\">\n\t\t\t<div class=\"elementor-image-carousel swiper-wrapper\" aria-live=\"off\">\n\t\t\t\t\t\t\t\t<div class=\"swiper-slide\" role=\"group\" aria-roledescription=\"slide\" aria-label=\"1 di 6\"><figure class=\"swiper-slide-inner\"><img decoding=\"async\" class=\"swiper-slide-image\" src=\"https:\/\/energiafrance.fr\/wp-content\/uploads\/2025\/07\/11-Antica-sede-ENEL-gia-Soc.Elettrica-Martorana.webp\" alt=\"11 - Antica sede ENEL - gia\u0300 Soc.Elettrica Martorana\" \/><\/figure><\/div><div class=\"swiper-slide\" role=\"group\" aria-roledescription=\"slide\" aria-label=\"2 di 6\"><figure class=\"swiper-slide-inner\"><img decoding=\"async\" class=\"swiper-slide-image\" src=\"https:\/\/energiafrance.fr\/wp-content\/uploads\/2025\/07\/11-Centrale-Elettrica-Martorana-1.webp\" alt=\"11 - Centrale Elettrica Martorana - 1\" \/><\/figure><\/div><div class=\"swiper-slide\" role=\"group\" aria-roledescription=\"slide\" aria-label=\"3 di 6\"><figure class=\"swiper-slide-inner\"><img decoding=\"async\" class=\"swiper-slide-image\" src=\"https:\/\/energiafrance.fr\/wp-content\/uploads\/2025\/07\/Generazione-Giglia.webp\" alt=\"Generazione Giglia\" \/><\/figure><\/div><div class=\"swiper-slide\" role=\"group\" aria-roledescription=\"slide\" aria-label=\"4 di 6\"><figure class=\"swiper-slide-inner\"><img decoding=\"async\" class=\"swiper-slide-image\" src=\"https:\/\/energiafrance.fr\/wp-content\/uploads\/2025\/07\/14-Elettroimpianti-Giglia-Gaetano.webp\" alt=\"14 - Elettroimpianti Giglia Gaetano\" \/><\/figure><\/div><div class=\"swiper-slide\" role=\"group\" aria-roledescription=\"slide\" aria-label=\"5 di 6\"><figure class=\"swiper-slide-inner\"><img decoding=\"async\" class=\"swiper-slide-image\" src=\"https:\/\/energiafrance.fr\/wp-content\/uploads\/2025\/07\/14-Visita-Toshiba-Giuseppe-Gaetano.webp\" alt=\"14 - Visita Toshiba Giuseppe + Gaetano\" \/><\/figure><\/div><div class=\"swiper-slide\" role=\"group\" aria-roledescription=\"slide\" aria-label=\"6 di 6\"><figure class=\"swiper-slide-inner\"><img decoding=\"async\" class=\"swiper-slide-image\" src=\"https:\/\/energiafrance.fr\/wp-content\/uploads\/2025\/07\/17-Energia-Italia-2013-.webp\" alt=\"17 - Energia Italia 2013 ?\" \/><\/figure><\/div>\t\t\t<\/div>\n\t\t\t\t\t\t\t\t\t\t\t\t<div class=\"elementor-swiper-button elementor-swiper-button-prev\" role=\"button\" tabindex=\"0\">\n\t\t\t\t\t\t<svg aria-hidden=\"true\" class=\"e-font-icon-svg e-eicon-chevron-left\" viewBox=\"0 0 1000 1000\" xmlns=\"http:\/\/www.w3.org\/2000\/svg\"><path d=\"M646 125C629 125 613 133 604 142L308 442C296 454 292 471 292 487 292 504 296 521 308 533L604 854C617 867 629 875 646 875 663 875 679 871 692 858 704 846 713 829 713 812 713 796 708 779 692 767L438 487 692 225C700 217 708 204 708 187 708 171 704 154 692 142 675 129 663 125 646 125Z\"><\/path><\/svg>\t\t\t\t\t<\/div>\n\t\t\t\t\t<div class=\"elementor-swiper-button elementor-swiper-button-next\" role=\"button\" tabindex=\"0\">\n\t\t\t\t\t\t<svg aria-hidden=\"true\" class=\"e-font-icon-svg e-eicon-chevron-right\" viewBox=\"0 0 1000 1000\" xmlns=\"http:\/\/www.w3.org\/2000\/svg\"><path d=\"M696 533C708 521 713 504 713 487 713 471 708 454 696 446L400 146C388 133 375 125 354 125 338 125 325 129 313 142 300 154 292 171 292 187 292 204 296 221 308 233L563 492 304 771C292 783 288 800 288 817 288 833 296 850 308 863 321 871 338 875 354 875 371 875 388 867 400 854L696 533Z\"><\/path><\/svg>\t\t\t\t\t<\/div>\n\t\t\t\t\n\t\t\t\t\t\t\t\t\t<\/div>\n\t\t\t\t\t\t<\/div>\n\t\t\t\t<\/div>\n\t\t\t\t\t<\/div>\n\t\t\t\t<\/div>\n\t\t<div class=\"elementor-element elementor-element-a0c4816 e-flex e-con-boxed e-con e-parent\" data-id=\"a0c4816\" data-element_type=\"container\">\n\t\t\t\t\t<div class=\"e-con-inner\">\n\t\t<div class=\"elementor-element elementor-element-e1b1401 e-con-full e-flex e-con e-child\" data-id=\"e1b1401\" data-element_type=\"container\">\n\t\t\t\t<div class=\"elementor-element elementor-element-7b66398 elementor-widget elementor-widget-heading\" data-id=\"7b66398\" data-element_type=\"widget\" data-widget_type=\"heading.default\">\n\t\t\t\t<div class=\"elementor-widget-container\">\n\t\t\t\t\t<h2 class=\"elementor-heading-title elementor-size-default\">Une entreprise technologique.<\/h2>\t\t\t\t<\/div>\n\t\t\t\t<\/div>\n\t\t\t\t<div class=\"elementor-element elementor-element-af45c86 elementor-widget elementor-widget-text-editor\" data-id=\"af45c86\" data-element_type=\"widget\" data-widget_type=\"text-editor.default\">\n\t\t\t\t<div class=\"elementor-widget-container\">\n\t\t\t\t\t\t\t\t\t<p>Le d\u00e9partement informatique d\u2019Energia France d\u00e9veloppe en interne des logiciels natifs afin d\u2019offrir des solutions toujours plus avanc\u00e9es.<\/p><p>Nous concevons des outils et des syst\u00e8mes utiles tant pour optimiser le travail interne \u2014 comme le portail de gestion des dossiers ou celui de surveillance des installations \u2014 que pour r\u00e9pondre aux besoins du client final. Parmi ceux-ci : l\u2019application \u00c9nergie Italie, qui permet d\u2019acc\u00e9der \u00e0 toutes les informations et de recevoir des notifications sur l\u2019\u00e9tat de l\u2019installation, ou encore le Simulink, notre outil de simulation personnalis\u00e9.<\/p>\t\t\t\t\t\t\t\t<\/div>\n\t\t\t\t<\/div>\n\t\t\t\t<div class=\"elementor-element elementor-element-b8cf374 elementor-widget elementor-widget-button\" data-id=\"b8cf374\" data-element_type=\"widget\" data-widget_type=\"button.default\">\n\t\t\t\t<div class=\"elementor-widget-container\">\n\t\t\t\t\t\t\t\t\t<div class=\"elementor-button-wrapper\">\n\t\t\t\t\t<a class=\"elementor-button elementor-button-link elementor-size-sm\" href=\"https:\/\/energiafrance.fr\/#devis\">\n\t\t\t\t\t\t<span class=\"elementor-button-content-wrapper\">\n\t\t\t\t\t\t\t\t\t<span class=\"elementor-button-text\">Demandez un devis<\/span>\n\t\t\t\t\t<\/span>\n\t\t\t\t\t<\/a>\n\t\t\t\t<\/div>\n\t\t\t\t\t\t\t\t<\/div>\n\t\t\t\t<\/div>\n\t\t\t\t<\/div>\n\t\t<div class=\"elementor-element elementor-element-b580922 e-con-full e-flex e-con e-child\" data-id=\"b580922\" data-element_type=\"container\">\n\t\t\t\t<div class=\"elementor-element elementor-element-5c02689 elementor-widget elementor-widget-image\" data-id=\"5c02689\" data-element_type=\"widget\" data-widget_type=\"image.default\">\n\t\t\t\t<div class=\"elementor-widget-container\">\n\t\t\t\t\t\t\t\t\t\t\t\t\t\t\t<img decoding=\"async\" width=\"1024\" height=\"683\" src=\"https:\/\/energiafrance.fr\/wp-content\/uploads\/2025\/07\/Simulink-1024x683.webp\" class=\"attachment-large size-large wp-image-174\" alt=\"\" srcset=\"https:\/\/energiafrance.fr\/wp-content\/uploads\/2025\/07\/Simulink-1024x683.webp 1024w, https:\/\/energiafrance.fr\/wp-content\/uploads\/2025\/07\/Simulink-300x200.webp 300w, https:\/\/energiafrance.fr\/wp-content\/uploads\/2025\/07\/Simulink-768x512.webp 768w, https:\/\/energiafrance.fr\/wp-content\/uploads\/2025\/07\/Simulink-1536x1024.webp 1536w, https:\/\/energiafrance.fr\/wp-content\/uploads\/2025\/07\/Simulink.webp 1920w\" sizes=\"(max-width: 1024px) 100vw, 1024px\" \/>\t\t\t\t\t\t\t\t\t\t\t\t\t\t\t<\/div>\n\t\t\t\t<\/div>\n\t\t\t\t<\/div>\n\t\t\t\t\t<\/div>\n\t\t\t\t<\/div>\n\t\t<div class=\"elementor-element elementor-element-7b9a0a1 e-flex e-con-boxed e-con e-parent\" data-id=\"7b9a0a1\" data-element_type=\"container\">\n\t\t\t\t\t<div class=\"e-con-inner\">\n\t\t\t\t<div class=\"elementor-element elementor-element-0ae80bc elementor-widget elementor-widget-spacer\" data-id=\"0ae80bc\" data-element_type=\"widget\" data-widget_type=\"spacer.default\">\n\t\t\t\t<div class=\"elementor-widget-container\">\n\t\t\t\t\t\t\t<div class=\"elementor-spacer\">\n\t\t\t<div class=\"elementor-spacer-inner\"><\/div>\n\t\t<\/div>\n\t\t\t\t\t\t<\/div>\n\t\t\t\t<\/div>\n\t\t\t\t<div class=\"elementor-element elementor-element-3f92696 elementor-widget elementor-widget-heading\" data-id=\"3f92696\" data-element_type=\"widget\" data-widget_type=\"heading.default\">\n\t\t\t\t<div class=\"elementor-widget-container\">\n\t\t\t\t\t<h2 class=\"elementor-heading-title elementor-size-default\">Nos partenaires.<\/h2>\t\t\t\t<\/div>\n\t\t\t\t<\/div>\n\t\t\t\t\t<\/div>\n\t\t\t\t<\/div>\n\t\t<div class=\"elementor-element elementor-element-aa28bc7 e-flex e-con-boxed e-con e-parent\" data-id=\"aa28bc7\" data-element_type=\"container\">\n\t\t\t\t\t<div class=\"e-con-inner\">\n\t\t\t\t<div class=\"elementor-element elementor-element-24e7695 elementor-widget elementor-widget-image-carousel\" data-id=\"24e7695\" data-element_type=\"widget\" data-settings=\"{&quot;slides_to_show&quot;:&quot;4&quot;,&quot;navigation&quot;:&quot;none&quot;,&quot;slides_to_show_mobile&quot;:&quot;2&quot;,&quot;autoplay&quot;:&quot;yes&quot;,&quot;pause_on_hover&quot;:&quot;yes&quot;,&quot;pause_on_interaction&quot;:&quot;yes&quot;,&quot;autoplay_speed&quot;:5000,&quot;infinite&quot;:&quot;yes&quot;,&quot;speed&quot;:500}\" data-widget_type=\"image-carousel.default\">\n\t\t\t\t<div class=\"elementor-widget-container\">\n\t\t\t\t\t\t\t<div class=\"elementor-image-carousel-wrapper swiper\" role=\"region\" aria-roledescription=\"carousel\" aria-label=\"Carosello d&#039;immagini\" dir=\"ltr\">\n\t\t\t<div class=\"elementor-image-carousel swiper-wrapper\" aria-live=\"off\">\n\t\t\t\t\t\t\t\t<div class=\"swiper-slide\" role=\"group\" aria-roledescription=\"slide\" aria-label=\"1 di 7\"><figure class=\"swiper-slide-inner\"><img decoding=\"async\" class=\"swiper-slide-image\" src=\"https:\/\/energiafrance.fr\/wp-content\/uploads\/2025\/07\/Certificazioni_Goodwe_1-150x150.png\" alt=\"Certificazioni_Goodwe_1\" \/><\/figure><\/div><div class=\"swiper-slide\" role=\"group\" aria-roledescription=\"slide\" aria-label=\"2 di 7\"><figure class=\"swiper-slide-inner\"><img decoding=\"async\" class=\"swiper-slide-image\" src=\"https:\/\/energiafrance.fr\/wp-content\/uploads\/2025\/07\/Certificazioni_Viessmann-Partner-150x150.png\" alt=\"Certificazioni_Viessmann Partner\" \/><\/figure><\/div><div class=\"swiper-slide\" role=\"group\" aria-roledescription=\"slide\" aria-label=\"3 di 7\"><figure class=\"swiper-slide-inner\"><img decoding=\"async\" class=\"swiper-slide-image\" src=\"https:\/\/energiafrance.fr\/wp-content\/uploads\/2025\/07\/Certificazioni_Goodwe_2-150x150.png\" alt=\"Certificazioni_Goodwe_2\" \/><\/figure><\/div><div class=\"swiper-slide\" role=\"group\" aria-roledescription=\"slide\" aria-label=\"4 di 7\"><figure class=\"swiper-slide-inner\"><img decoding=\"async\" class=\"swiper-slide-image\" src=\"https:\/\/energiafrance.fr\/wp-content\/uploads\/2025\/07\/Certificazioni_LG-150x150.png\" alt=\"Certificazioni_LG\" \/><\/figure><\/div><div class=\"swiper-slide\" role=\"group\" aria-roledescription=\"slide\" aria-label=\"5 di 7\"><figure class=\"swiper-slide-inner\"><img decoding=\"async\" class=\"swiper-slide-image\" src=\"https:\/\/energiafrance.fr\/wp-content\/uploads\/2025\/07\/Certificazioni_SMA-150x150.png\" alt=\"Certificazioni_SMA\" \/><\/figure><\/div><div class=\"swiper-slide\" role=\"group\" aria-roledescription=\"slide\" aria-label=\"6 di 7\"><figure class=\"swiper-slide-inner\"><img decoding=\"async\" class=\"swiper-slide-image\" src=\"https:\/\/energiafrance.fr\/wp-content\/uploads\/2025\/07\/Certificazioni_Daikin-150x150.png\" alt=\"Certificazioni_Daikin\" \/><\/figure><\/div><div class=\"swiper-slide\" role=\"group\" aria-roledescription=\"slide\" aria-label=\"7 di 7\"><figure class=\"swiper-slide-inner\"><img decoding=\"async\" class=\"swiper-slide-image\" src=\"https:\/\/energiafrance.fr\/wp-content\/uploads\/2025\/07\/Certificazioni_Toshiba-150x150.png\" alt=\"Certificazioni_Toshiba\" \/><\/figure><\/div>\t\t\t<\/div>\n\t\t\t\t\t\t\t\n\t\t\t\t\t\t\t\t\t<\/div>\n\t\t\t\t\t\t<\/div>\n\t\t\t\t<\/div>\n\t\t\t\t\t<\/div>\n\t\t\t\t<\/div>\n\t\t<div class=\"elementor-element elementor-element-588c334 e-flex e-con-boxed e-con e-parent\" data-id=\"588c334\" data-element_type=\"container\">\n\t\t\t\t\t<div class=\"e-con-inner\">\n\t\t\t\t<div class=\"elementor-element elementor-element-7ea04b8 elementor-widget elementor-widget-spacer\" data-id=\"7ea04b8\" data-element_type=\"widget\" data-widget_type=\"spacer.default\">\n\t\t\t\t<div class=\"elementor-widget-container\">\n\t\t\t\t\t\t\t<div class=\"elementor-spacer\">\n\t\t\t<div class=\"elementor-spacer-inner\"><\/div>\n\t\t<\/div>\n\t\t\t\t\t\t<\/div>\n\t\t\t\t<\/div>\n\t\t\t\t\t<\/div>\n\t\t\t\t<\/div>\n\t\t\t\t<\/div>\n\t\t","protected":false},"excerpt":{"rendered":"<p>L&#8217;entreprise Energia France SAS est n\u00e9e pour accompagner le march\u00e9 fran\u00e7ais dans son processus de transition \u00e9nerg\u00e9tique.L\u2019entreprise a ses racines en Italie, o\u00f9, il y a 70 ans, une famille a commenc\u00e9 \u00e0 poser les bases d\u2019une soci\u00e9t\u00e9 qui a toujours soutenu les personnes dans la recherche de solutions d\u2019efficacit\u00e9 \u00e9nerg\u00e9tique.Aujourd\u2019hui, nous sommes pr\u00eats \u00e0 [&hellip;]<\/p>\n","protected":false},"author":1,"featured_media":0,"parent":0,"menu_order":0,"comment_status":"closed","ping_status":"closed","template":"elementor_header_footer","meta":{"footnotes":""},"class_list":["post-109","page","type-page","status-publish","hentry","entry"],"_links":{"self":[{"href":"https:\/\/energiafrance.fr\/index.php\/wp-json\/wp\/v2\/pages\/109","targetHints":{"allow":["GET"]}}],"collection":[{"href":"https:\/\/energiafrance.fr\/index.php\/wp-json\/wp\/v2\/pages"}],"about":[{"href":"https:\/\/energiafrance.fr\/index.php\/wp-json\/wp\/v2\/types\/page"}],"author":[{"embeddable":true,"href":"https:\/\/energiafrance.fr\/index.php\/wp-json\/wp\/v2\/users\/1"}],"replies":[{"embeddable":true,"href":"https:\/\/energiafrance.fr\/index.php\/wp-json\/wp\/v2\/comments?post=109"}],"version-history":[{"count":43,"href":"https:\/\/energiafrance.fr\/index.php\/wp-json\/wp\/v2\/pages\/109\/revisions"}],"predecessor-version":[{"id":345,"href":"https:\/\/energiafrance.fr\/index.php\/wp-json\/wp\/v2\/pages\/109\/revisions\/345"}],"wp:attachment":[{"href":"https:\/\/energiafrance.fr\/index.php\/wp-json\/wp\/v2\/media?parent=109"}],"curies":[{"name":"wp","href":"https:\/\/api.w.org\/{rel}","templated":true}]}}